{"id":8,"date":"2023-12-15T10:17:52","date_gmt":"2023-12-15T10:17:52","guid":{"rendered":"https:\/\/dev.ribaforja.com\/?page_id=8"},"modified":"2023-12-15T16:12:57","modified_gmt":"2023-12-15T16:12:57","slug":"pagina-de-mantenimiento","status":"publish","type":"page","link":"https:\/\/dev.ribaforja.com\/","title":{"rendered":"P\u00e1gina de mantenimiento"},"content":{"rendered":"\n<div id=\"wp-block-themeisle-blocks-advanced-columns-dff9d0e7\" class=\"wp-block-themeisle-blocks-advanced-columns alignfull has-1-columns has-desktop-equal-layout has-tablet-collapsedRows-layout has-mobile-collapsedRows-layout has-reverse-columns-mobile has-vertical-center has-dark-bg\"><div class=\"wp-block-themeisle-blocks-advanced-columns-overlay\"><\/div><div class=\"innerblocks-wrap\">\n<div id=\"wp-block-themeisle-blocks-advanced-column-38180c44\" class=\"wp-block-themeisle-blocks-advanced-column\">\n<div id=\"wp-block-themeisle-blocks-advanced-columns-d2c03d04\" class=\"wp-block-themeisle-blocks-advanced-columns has-1-columns has-desktop-equal-layout has-tablet-equal-layout has-mobile-equal-layout has-vertical-unset\"><div class=\"wp-block-themeisle-blocks-advanced-columns-overlay\"><\/div><div class=\"innerblocks-wrap\">\n<div id=\"wp-block-themeisle-blocks-advanced-column-8ccbffad\" class=\"wp-block-themeisle-blocks-advanced-column has-dark-bg\">\n<figure class=\"wp-block-image size-full\"><img loading=\"lazy\" decoding=\"async\" width=\"934\" height=\"183\" src=\"https:\/\/dev.ribaforja.com\/wp-content\/uploads\/2023\/12\/Marca-Ribaforja-i-@2x.png\" alt=\"Logo Ribaforja\" class=\"wp-image-71\" srcset=\"https:\/\/dev.ribaforja.com\/wp-content\/uploads\/2023\/12\/Marca-Ribaforja-i-@2x.png 934w, https:\/\/dev.ribaforja.com\/wp-content\/uploads\/2023\/12\/Marca-Ribaforja-i-@2x-300x59.png 300w, https:\/\/dev.ribaforja.com\/wp-content\/uploads\/2023\/12\/Marca-Ribaforja-i-@2x-768x150.png 768w\" sizes=\"auto, (max-width: 934px) 100vw, 934px\" \/><\/figure>\n\n\n\n<div style=\"height:100px\" aria-hidden=\"true\" class=\"wp-block-spacer\"><\/div>\n\n\n\n<h1 id=\"wp-block-themeisle-blocks-advanced-heading-f4735bc1\" class=\"wp-block-themeisle-blocks-advanced-heading wp-block-themeisle-blocks-advanced-heading-f4735bc1\">Empresa de corte t\u00e9cnico l\u00e1ser<\/h1>\n\n\n\n<p id=\"wp-block-themeisle-blocks-advanced-heading-9b86ac5a\" class=\"wp-block-themeisle-blocks-advanced-heading wp-block-themeisle-blocks-advanced-heading-9b86ac5a\">En este momento estamos construyendo nuestra nueva web. Vis\u00edtanos en breve para conocer m\u00e1s sobre nuestro centro especializado de corte l\u00e1ser, curvado, plegado, soldado y pintura.<\/p>\n\n\n\n<ul class=\"wp-block-social-links has-large-icon-size has-icon-color has-icon-background-color is-style-default ticss-ec609ee7 is-content-justification-center is-layout-flex wp-container-core-social-links-is-layout-a89b3969 wp-block-social-links-is-layout-flex\"><li style=\"color:#ffffff;background-color:#c05454;\" class=\"wp-social-link wp-social-link-facebook has-white-color wp-block-social-link\"><a href=\"https:\/\/www.facebook.com\/ribaforja\" class=\"wp-block-social-link-anchor\"><svg width=\"24\" height=\"24\" viewBox=\"0 0 24 24\" version=\"1.1\" xmlns=\"http:\/\/www.w3.org\/2000\/svg\" aria-hidden=\"true\" focusable=\"false\"><path d=\"M12 2C6.5 2 2 6.5 2 12c0 5 3.7 9.1 8.4 9.9v-7H7.9V12h2.5V9.8c0-2.5 1.5-3.9 3.8-3.9 1.1 0 2.2.2 2.2.2v2.5h-1.3c-1.2 0-1.6.8-1.6 1.6V12h2.8l-.4 2.9h-2.3v7C18.3 21.1 22 17 22 12c0-5.5-4.5-10-10-10z\"><\/path><\/svg><span class=\"wp-block-social-link-label screen-reader-text\">Facebook<\/span><\/a><\/li>\n\n<li style=\"color:#ffffff;background-color:#c05454;\" class=\"wp-social-link wp-social-link-linkedin has-white-color ticss-9b4765e3 wp-block-social-link\"><a href=\"https:\/\/www.linkedin.com\/company\/ribaforja\/\" class=\"wp-block-social-link-anchor\"><svg width=\"24\" height=\"24\" viewBox=\"0 0 24 24\" version=\"1.1\" xmlns=\"http:\/\/www.w3.org\/2000\/svg\" aria-hidden=\"true\" focusable=\"false\"><path d=\"M19.7,3H4.3C3.582,3,3,3.582,3,4.3v15.4C3,20.418,3.582,21,4.3,21h15.4c0.718,0,1.3-0.582,1.3-1.3V4.3 C21,3.582,20.418,3,19.7,3z M8.339,18.338H5.667v-8.59h2.672V18.338z M7.004,8.574c-0.857,0-1.549-0.694-1.549-1.548 c0-0.855,0.691-1.548,1.549-1.548c0.854,0,1.547,0.694,1.547,1.548C8.551,7.881,7.858,8.574,7.004,8.574z M18.339,18.338h-2.669 v-4.177c0-0.996-0.017-2.278-1.387-2.278c-1.389,0-1.601,1.086-1.601,2.206v4.249h-2.667v-8.59h2.559v1.174h0.037 c0.356-0.675,1.227-1.387,2.526-1.387c2.703,0,3.203,1.779,3.203,4.092V18.338z\"><\/path><\/svg><span class=\"wp-block-social-link-label screen-reader-text\">LinkedIn<\/span><\/a><\/li><\/ul>\n<\/div>\n<\/div><\/div>\n<\/div>\n<\/div><\/div>\n\n\n\n<div id=\"wp-block-themeisle-blocks-advanced-columns-754fce8d\" class=\"wp-block-themeisle-blocks-advanced-columns alignfull has-1-columns has-desktop-equal-layout has-tablet-equal-layout has-mobile-equal-layout has-vertical-center has-dark-bg\"><div class=\"wp-block-themeisle-blocks-advanced-columns-overlay\"><\/div><div class=\"innerblocks-wrap\">\n<div id=\"wp-block-themeisle-blocks-advanced-column-84fcfd9c\" class=\"wp-block-themeisle-blocks-advanced-column\">\n<div id=\"wp-block-themeisle-blocks-advanced-columns-fe8d8dbe\" class=\"wp-block-themeisle-blocks-advanced-columns alignfull has-2-columns has-desktop-equal-layout has-tablet-collapsedRows-layout has-mobile-collapsedRows-layout has-reverse-columns-tablet has-vertical-unset\"><div class=\"wp-block-themeisle-blocks-advanced-columns-overlay\"><\/div><div class=\"innerblocks-wrap\">\n<div id=\"wp-block-themeisle-blocks-advanced-column-901fdf1b\" class=\"wp-block-themeisle-blocks-advanced-column has-dark-bg\">\n<figure class=\"wp-block-gallery has-nested-images columns-default is-cropped wp-block-gallery-2 is-layout-flex wp-block-gallery-is-layout-flex\">\n<figure class=\"wp-block-image size-full has-custom-border is-style-rounded is-style-rounded--1\"><img loading=\"lazy\" decoding=\"async\" width=\"946\" height=\"730\" data-id=\"45\" src=\"https:\/\/dev.ribaforja.com\/wp-content\/uploads\/2023\/12\/ribaforja-laser.jpg\" alt=\"Empresa de corte l\u00e1ser Ribaforja\" class=\"wp-image-45\" style=\"border-style:none;border-width:0px;border-top-left-radius:90px;border-top-right-radius:0px;border-bottom-left-radius:0px;border-bottom-right-radius:90px\" srcset=\"https:\/\/dev.ribaforja.com\/wp-content\/uploads\/2023\/12\/ribaforja-laser.jpg 946w, https:\/\/dev.ribaforja.com\/wp-content\/uploads\/2023\/12\/ribaforja-laser-300x232.jpg 300w, https:\/\/dev.ribaforja.com\/wp-content\/uploads\/2023\/12\/ribaforja-laser-768x593.jpg 768w\" sizes=\"auto, (max-width: 946px) 100vw, 946px\" \/><\/figure>\n<\/figure>\n<\/div>\n\n\n\n<div id=\"wp-block-themeisle-blocks-advanced-column-cc41d92f\" class=\"wp-block-themeisle-blocks-advanced-column has-dark-bg\">\n<h2 id=\"wp-block-themeisle-blocks-advanced-heading-aa6f8344\" class=\"wp-block-themeisle-blocks-advanced-heading wp-block-themeisle-blocks-advanced-heading-aa6f8344\">Nueva m\u00e1quina de l\u00e1ser tubo<\/h2>\n\n\n\n<h3 id=\"wp-block-themeisle-blocks-advanced-heading-8889b217\" class=\"wp-block-themeisle-blocks-advanced-heading wp-block-themeisle-blocks-advanced-heading-8889b217\">avanzando<\/h3>\n\n\n\n<p id=\"wp-block-themeisle-blocks-advanced-heading-c1f68701\" class=\"wp-block-themeisle-blocks-advanced-heading wp-block-themeisle-blocks-advanced-heading-c1f68701\">Somos una empresa de corte l\u00e1ser en Valencia que presta servicio integral desde 2005. Nuestra infraestructura y dedicaci\u00f3n nos permite entregar el producto totalmente terminado en nuestras instalaciones. Recientemente, hemos adquirido una m\u00e1quina de l\u00e1ser tubo.<\/p>\n\n\n\n<p id=\"wp-block-themeisle-blocks-advanced-heading-b1e7e102\" class=\"wp-block-themeisle-blocks-advanced-heading wp-block-themeisle-blocks-advanced-heading-b1e7e102\">Vis\u00edtanos en breve y descubre todo lo que RIBAFORJA puede hacer por ti.<\/p>\n<\/div>\n<\/div><\/div>\n<\/div>\n<\/div><\/div>\n\n\n\n<div id=\"wp-block-themeisle-blocks-advanced-columns-ef9e8df2\" class=\"wp-block-themeisle-blocks-advanced-columns alignfull has-1-columns has-desktop-equal-layout has-tablet-equal-layout has-mobile-equal-layout has-vertical-center has-dark-bg\"><div class=\"wp-block-themeisle-blocks-advanced-columns-overlay\"><\/div><div class=\"innerblocks-wrap\">\n<div id=\"wp-block-themeisle-blocks-advanced-column-333abe98\" class=\"wp-block-themeisle-blocks-advanced-column\">\n<div id=\"wp-block-themeisle-blocks-advanced-columns-754ac71e\" class=\"wp-block-themeisle-blocks-advanced-columns alignfull has-2-columns has-desktop-equal-layout has-tablet-collapsedRows-layout has-mobile-collapsedRows-layout has-reverse-columns-tablet has-vertical-unset\"><div class=\"wp-block-themeisle-blocks-advanced-columns-overlay\"><\/div><div class=\"innerblocks-wrap\">\n<div id=\"wp-block-themeisle-blocks-advanced-column-64d8e04a\" class=\"wp-block-themeisle-blocks-advanced-column has-dark-bg\">\n<h4 id=\"wp-block-themeisle-blocks-advanced-heading-eda2c005\" class=\"wp-block-themeisle-blocks-advanced-heading wp-block-themeisle-blocks-advanced-heading-eda2c005 ticss-9a1f64e2\">D\u00f3nde estamos<\/h4>\n\n\n\n<p id=\"wp-block-themeisle-blocks-advanced-heading-74655ec6\" class=\"wp-block-themeisle-blocks-advanced-heading wp-block-themeisle-blocks-advanced-heading-74655ec6\">C\/ C Nave 11<br>Pol. Ind. El Oliveral<br>46190 Riba-roja de T\u00faria<br>Valencia \u2013 Espa\u00f1a<\/p>\n<\/div>\n\n\n\n<div id=\"wp-block-themeisle-blocks-advanced-column-f2eb145f\" class=\"wp-block-themeisle-blocks-advanced-column has-dark-bg\">\n<h4 id=\"wp-block-themeisle-blocks-advanced-heading-56e54787\" class=\"wp-block-themeisle-blocks-advanced-heading wp-block-themeisle-blocks-advanced-heading-56e54787\">Cont\u00e1ctanos<\/h4>\n\n\n\n<p id=\"wp-block-themeisle-blocks-advanced-heading-8cc8e508\" class=\"wp-block-themeisle-blocks-advanced-heading wp-block-themeisle-blocks-advanced-heading-8cc8e508 link ticss-f3fd1521\">Tel\u00e9fono:<br><strong><a href=\"tel:+34961665544\"><span class=\"highlight\">96 166 55 44<\/span><\/a><\/strong><br>Email:<br><strong><a href=\"mailto:atuservicio@ribaforja.com\">atuservicio@ribaforja.com<\/a><\/strong><\/p>\n<\/div>\n<\/div><\/div>\n<\/div>\n<\/div><\/div>\n","protected":false},"excerpt":{"rendered":"","protected":false},"author":1,"featured_media":0,"parent":0,"menu_order":0,"comment_status":"closed","ping_status":"closed","template":"templates\/wpmm-page-template.php","meta":{"_themeisle_gutenberg_block_has_review":false,"footnotes":""},"class_list":["post-8","page","type-page","status-publish","hentry"],"yoast_head":"<!-- This site is optimized with the Yoast SEO plugin v21.7 - https:\/\/yoast.com\/wordpress\/plugins\/seo\/ -->\n<title>P\u00e1gina de mantenimiento - Ribaforja<\/title>\n<meta name=\"robots\" content=\"noindex, follow, max-snippet:-1, max-image-preview:large, max-video-preview:-1\" \/>\n<meta property=\"og:locale\" content=\"es_ES\" \/>\n<meta property=\"og:type\" content=\"article\" \/>\n<meta property=\"og:title\" content=\"P\u00e1gina de mantenimiento - Ribaforja\" \/>\n<meta property=\"og:url\" content=\"https:\/\/dev.ribaforja.com\/?page_id=8\" \/>\n<meta property=\"og:site_name\" content=\"Ribaforja\" \/>\n<meta property=\"article:modified_time\" content=\"2023-12-15T16:12:57+00:00\" \/>\n<meta property=\"og:image\" content=\"https:\/\/dev.ribaforja.com\/wp-content\/uploads\/2023\/12\/Marca-Ribaforja-i-@2x.png\" \/>\n<meta name=\"twitter:card\" content=\"summary_large_image\" \/>\n<meta name=\"twitter:label1\" content=\"Tiempo de lectura\" \/>\n\t<meta name=\"twitter:data1\" content=\"1 minuto\" \/>\n<script type=\"application\/ld+json\" class=\"yoast-schema-graph\">{\"@context\":\"https:\/\/schema.org\",\"@graph\":[{\"@type\":\"WebPage\",\"@id\":\"https:\/\/dev.ribaforja.com\/?page_id=8\",\"url\":\"https:\/\/dev.ribaforja.com\/?page_id=8\",\"name\":\"P\u00e1gina de mantenimiento - Ribaforja\",\"isPartOf\":{\"@id\":\"https:\/\/dev.ribaforja.com\/#website\"},\"datePublished\":\"2023-12-15T10:17:52+00:00\",\"dateModified\":\"2023-12-15T16:12:57+00:00\",\"breadcrumb\":{\"@id\":\"https:\/\/dev.ribaforja.com\/?page_id=8#breadcrumb\"},\"inLanguage\":\"es\",\"potentialAction\":[{\"@type\":\"ReadAction\",\"target\":[\"https:\/\/dev.ribaforja.com\/?page_id=8\"]}]},{\"@type\":\"BreadcrumbList\",\"@id\":\"https:\/\/dev.ribaforja.com\/?page_id=8#breadcrumb\",\"itemListElement\":[{\"@type\":\"ListItem\",\"position\":1,\"name\":\"Portada\",\"item\":\"https:\/\/dev.ribaforja.com\/?page_id=8\"},{\"@type\":\"ListItem\",\"position\":2,\"name\":\"P\u00e1gina de mantenimiento\"}]},{\"@type\":\"WebSite\",\"@id\":\"https:\/\/dev.ribaforja.com\/#website\",\"url\":\"https:\/\/dev.ribaforja.com\/\",\"name\":\"Ribaforja\",\"description\":\"\",\"potentialAction\":[{\"@type\":\"SearchAction\",\"target\":{\"@type\":\"EntryPoint\",\"urlTemplate\":\"https:\/\/dev.ribaforja.com\/?s={search_term_string}\"},\"query-input\":\"required name=search_term_string\"}],\"inLanguage\":\"es\"}]}<\/script>\n<!-- \/ Yoast SEO plugin. -->","yoast_head_json":{"title":"P\u00e1gina de mantenimiento - Ribaforja","robots":{"index":"noindex","follow":"follow","max-snippet":"max-snippet:-1","max-image-preview":"max-image-preview:large","max-video-preview":"max-video-preview:-1"},"og_locale":"es_ES","og_type":"article","og_title":"P\u00e1gina de mantenimiento - Ribaforja","og_url":"https:\/\/dev.ribaforja.com\/?page_id=8","og_site_name":"Ribaforja","article_modified_time":"2023-12-15T16:12:57+00:00","og_image":[{"url":"https:\/\/dev.ribaforja.com\/wp-content\/uploads\/2023\/12\/Marca-Ribaforja-i-@2x.png"}],"twitter_card":"summary_large_image","twitter_misc":{"Tiempo de lectura":"1 minuto"},"schema":{"@context":"https:\/\/schema.org","@graph":[{"@type":"WebPage","@id":"https:\/\/dev.ribaforja.com\/?page_id=8","url":"https:\/\/dev.ribaforja.com\/?page_id=8","name":"P\u00e1gina de mantenimiento - Ribaforja","isPartOf":{"@id":"https:\/\/dev.ribaforja.com\/#website"},"datePublished":"2023-12-15T10:17:52+00:00","dateModified":"2023-12-15T16:12:57+00:00","breadcrumb":{"@id":"https:\/\/dev.ribaforja.com\/?page_id=8#breadcrumb"},"inLanguage":"es","potentialAction":[{"@type":"ReadAction","target":["https:\/\/dev.ribaforja.com\/?page_id=8"]}]},{"@type":"BreadcrumbList","@id":"https:\/\/dev.ribaforja.com\/?page_id=8#breadcrumb","itemListElement":[{"@type":"ListItem","position":1,"name":"Portada","item":"https:\/\/dev.ribaforja.com\/?page_id=8"},{"@type":"ListItem","position":2,"name":"P\u00e1gina de mantenimiento"}]},{"@type":"WebSite","@id":"https:\/\/dev.ribaforja.com\/#website","url":"https:\/\/dev.ribaforja.com\/","name":"Ribaforja","description":"","potentialAction":[{"@type":"SearchAction","target":{"@type":"EntryPoint","urlTemplate":"https:\/\/dev.ribaforja.com\/?s={search_term_string}"},"query-input":"required name=search_term_string"}],"inLanguage":"es"}]}},"_links":{"self":[{"href":"https:\/\/dev.ribaforja.com\/index.php?rest_route=\/wp\/v2\/pages\/8","targetHints":{"allow":["GET"]}}],"collection":[{"href":"https:\/\/dev.ribaforja.com\/index.php?rest_route=\/wp\/v2\/pages"}],"about":[{"href":"https:\/\/dev.ribaforja.com\/index.php?rest_route=\/wp\/v2\/types\/page"}],"author":[{"embeddable":true,"href":"https:\/\/dev.ribaforja.com\/index.php?rest_route=\/wp\/v2\/users\/1"}],"replies":[{"embeddable":true,"href":"https:\/\/dev.ribaforja.com\/index.php?rest_route=%2Fwp%2Fv2%2Fcomments&post=8"}],"version-history":[{"count":34,"href":"https:\/\/dev.ribaforja.com\/index.php?rest_route=\/wp\/v2\/pages\/8\/revisions"}],"predecessor-version":[{"id":72,"href":"https:\/\/dev.ribaforja.com\/index.php?rest_route=\/wp\/v2\/pages\/8\/revisions\/72"}],"wp:attachment":[{"href":"https:\/\/dev.ribaforja.com\/index.php?rest_route=%2Fwp%2Fv2%2Fmedia&parent=8"}],"curies":[{"name":"wp","href":"https:\/\/api.w.org\/{rel}","templated":true}]}}